{"id":39649,"date":"2025-10-05T15:35:38","date_gmt":"2025-10-05T12:35:38","guid":{"rendered":"https:\/\/4.avvioco.com\/?post_type=product&#038;p=39649"},"modified":"2025-10-05T15:35:54","modified_gmt":"2025-10-05T12:35:54","slug":"v-neck-knitwear-sweater-ecru","status":"publish","type":"product","link":"https:\/\/fashion.dukkanjo.com\/es\/product\/v-neck-knitwear-sweater-ecru\/","title":{"rendered":"Su\u00e9ter de punto con cuello en V Crudo"},"content":{"rendered":"<p><strong><font style=\"vertical-align: inherit\"><font style=\"vertical-align: inherit\">Editor&#8217;s Note<\/font><\/font><\/strong><br \/><font style=\"vertical-align: inherit\"><font style=\"vertical-align: inherit\">Sweater models, which have been worn to keep us warm and not cold for years, have become the most fashionable part of the year. <\/font><font style=\"vertical-align: inherit\">It is possible to reach many sweaters in the category, including the V-Neck Knitwear Sweater model. <\/font><font style=\"vertical-align: inherit\">Discover the most striking pieces of this season with sweater models in the autumn\/winter season of Mylove boutique.<\/font><\/font><\/p>\n<p><strong><font style=\"vertical-align: inherit\"><font style=\"vertical-align: inherit\">Tama\u00f1os del producto<\/font><\/font><\/strong><br \/>Boy : 60 cm<br \/>G\u00f6\u011f\u00fcs : 100 cm<br \/>Bel : 86 cm<br \/><font style=\"vertical-align: inherit\"><font style=\"vertical-align: inherit\">(Measurements are based on -STD- size.)<\/font><\/font><br \/><font style=\"vertical-align: inherit\"><font style=\"vertical-align: inherit\">(Size on Mannequin: STD)<\/font><\/font><\/p>\n<table>\n<tbody>\n<tr>\n<th>Patr\u00f3n<\/th>\n<td>Relaxed<\/td>\n<\/tr>\n<tr>\n<th>Ambiente<\/th>\n<td>Business<\/td>\n<\/tr>\n<tr>\n<th>Material<\/th>\n<td>Mezcla de poli\u00e9ster<\/td>\n<\/tr>\n<\/tbody>\n<\/table>","protected":false},"excerpt":{"rendered":"<p>Editor&#8217;s NoteSweater models, which have been worn to keep us warm and not cold for years, have become the most<\/p>","protected":false},"featured_media":39679,"comment_status":"open","ping_status":"closed","template":"","meta":[],"product_brand":[],"product_cat":[1793,1797],"product_tag":[],"class_list":{"0":"post-39649","1":"product","2":"type-product","3":"status-publish","4":"has-post-thumbnail","6":"product_cat-top-clothing","7":"product_cat-sweater","9":"first","10":"instock","11":"taxable","12":"shipping-taxable","13":"purchasable","14":"product-type-variable"},"yoast_head":"<!-- This site is optimized with the Yoast SEO plugin v25.9 - https:\/\/yoast.com\/wordpress\/plugins\/seo\/ -->\n<title>V Neck Knitwear Sweater Ecru | Dukkan Ecommerce<\/title>\n<meta name=\"description\" content=\"Shop V Neck Knitwear Sweater Ecru at best price in Jordan with Dukkan Ecommerce\" \/>\n<meta name=\"robots\" content=\"index, follow, max-snippet:-1, max-image-preview:large, max-video-preview:-1\" \/>\n<link rel=\"canonical\" href=\"https:\/\/fashion.dukkanjo.com\/es\/product\/v-neck-knitwear-sweater-ecru\/\" \/>\n<meta property=\"og:locale\" content=\"es_ES\" \/>\n<meta property=\"og:type\" content=\"article\" \/>\n<meta property=\"og:title\" content=\"V Neck Knitwear Sweater Ecru | Dukkan Ecommerce\" \/>\n<meta property=\"og:description\" content=\"Shop V Neck Knitwear Sweater Ecru at best price in Jordan with Dukkan Ecommerce\" \/>\n<meta property=\"og:url\" content=\"https:\/\/fashion.dukkanjo.com\/es\/product\/v-neck-knitwear-sweater-ecru\/\" \/>\n<meta property=\"og:site_name\" content=\"Dukkan Ecommerce\" \/>\n<meta property=\"article:modified_time\" content=\"2025-10-05T12:35:54+00:00\" \/>\n<meta property=\"og:image\" content=\"https:\/\/fashion.dukkanjo.com\/wp-content\/uploads\/2025\/10\/suveterv-yaka-triko-suveter-ekru-b10f-7.jpg\" \/>\n\t<meta property=\"og:image:width\" content=\"600\" \/>\n\t<meta property=\"og:image:height\" content=\"900\" \/>\n\t<meta property=\"og:image:type\" content=\"image\/jpeg\" \/>\n<meta name=\"twitter:card\" content=\"summary_large_image\" \/>\n<script type=\"application\/ld+json\" class=\"yoast-schema-graph\">{\"@context\":\"https:\/\/schema.org\",\"@graph\":[{\"@type\":\"WebPage\",\"@id\":\"https:\/\/fashion.dukkanjo.com\/product\/v-neck-knitwear-sweater-ecru\/\",\"url\":\"https:\/\/fashion.dukkanjo.com\/product\/v-neck-knitwear-sweater-ecru\/\",\"name\":\"V Neck Knitwear Sweater Ecru | Dukkan Ecommerce\",\"isPartOf\":{\"@id\":\"https:\/\/fashion.dukkanjo.com\/#website\"},\"primaryImageOfPage\":{\"@id\":\"https:\/\/fashion.dukkanjo.com\/product\/v-neck-knitwear-sweater-ecru\/#primaryimage\"},\"image\":{\"@id\":\"https:\/\/fashion.dukkanjo.com\/product\/v-neck-knitwear-sweater-ecru\/#primaryimage\"},\"thumbnailUrl\":\"https:\/\/fashion.dukkanjo.com\/wp-content\/uploads\/2025\/10\/suveterv-yaka-triko-suveter-ekru-b10f-7.jpg\",\"datePublished\":\"2025-10-05T12:35:38+00:00\",\"dateModified\":\"2025-10-05T12:35:54+00:00\",\"description\":\"Shop V Neck Knitwear Sweater Ecru at best price in Jordan with Dukkan Ecommerce\",\"breadcrumb\":{\"@id\":\"https:\/\/fashion.dukkanjo.com\/product\/v-neck-knitwear-sweater-ecru\/#breadcrumb\"},\"inLanguage\":\"es\",\"potentialAction\":[{\"@type\":\"ReadAction\",\"target\":[\"https:\/\/fashion.dukkanjo.com\/product\/v-neck-knitwear-sweater-ecru\/\"]}]},{\"@type\":\"ImageObject\",\"inLanguage\":\"es\",\"@id\":\"https:\/\/fashion.dukkanjo.com\/product\/v-neck-knitwear-sweater-ecru\/#primaryimage\",\"url\":\"https:\/\/fashion.dukkanjo.com\/wp-content\/uploads\/2025\/10\/suveterv-yaka-triko-suveter-ekru-b10f-7.jpg\",\"contentUrl\":\"https:\/\/fashion.dukkanjo.com\/wp-content\/uploads\/2025\/10\/suveterv-yaka-triko-suveter-ekru-b10f-7.jpg\",\"width\":600,\"height\":900},{\"@type\":\"BreadcrumbList\",\"@id\":\"https:\/\/fashion.dukkanjo.com\/product\/v-neck-knitwear-sweater-ecru\/#breadcrumb\",\"itemListElement\":[{\"@type\":\"ListItem\",\"position\":1,\"name\":\"Home\",\"item\":\"https:\/\/fashion.dukkanjo.com\/\"},{\"@type\":\"ListItem\",\"position\":2,\"name\":\"Shop\",\"item\":\"https:\/\/fashion.dukkanjo.com\/shop\/\"},{\"@type\":\"ListItem\",\"position\":3,\"name\":\"V Neck Knitwear Sweater Ecru\"}]},{\"@type\":\"WebSite\",\"@id\":\"https:\/\/fashion.dukkanjo.com\/#website\",\"url\":\"https:\/\/fashion.dukkanjo.com\/\",\"name\":\"Dukkan Ecommerce Jordan\",\"description\":\"Build Your Ecommerce\",\"publisher\":{\"@id\":\"https:\/\/fashion.dukkanjo.com\/#organization\"},\"potentialAction\":[{\"@type\":\"SearchAction\",\"target\":{\"@type\":\"EntryPoint\",\"urlTemplate\":\"https:\/\/fashion.dukkanjo.com\/?s={search_term_string}\"},\"query-input\":{\"@type\":\"PropertyValueSpecification\",\"valueRequired\":true,\"valueName\":\"search_term_string\"}}],\"inLanguage\":\"es\"},{\"@type\":\"Organization\",\"@id\":\"https:\/\/fashion.dukkanjo.com\/#organization\",\"name\":\"Dukkan Ecommerce Jordan\",\"url\":\"https:\/\/fashion.dukkanjo.com\/\",\"logo\":{\"@type\":\"ImageObject\",\"inLanguage\":\"es\",\"@id\":\"https:\/\/fashion.dukkanjo.com\/#\/schema\/logo\/image\/\",\"url\":\"https:\/\/1.avvioco.com\/wp-content\/uploads\/2025\/08\/Dukkan-Logo.webp\",\"contentUrl\":\"https:\/\/1.avvioco.com\/wp-content\/uploads\/2025\/08\/Dukkan-Logo.webp\",\"width\":1000,\"height\":500,\"caption\":\"Dukkan Ecommerce Jordan\"},\"image\":{\"@id\":\"https:\/\/fashion.dukkanjo.com\/#\/schema\/logo\/image\/\"}}]}<\/script>\n<!-- \/ Yoast SEO plugin. -->","yoast_head_json":{"title":"V Neck Knitwear Sweater Ecru | Dukkan Ecommerce","description":"Shop V Neck Knitwear Sweater Ecru at best price in Jordan with Dukkan Ecommerce","robots":{"index":"index","follow":"follow","max-snippet":"max-snippet:-1","max-image-preview":"max-image-preview:large","max-video-preview":"max-video-preview:-1"},"canonical":"https:\/\/fashion.dukkanjo.com\/es\/product\/v-neck-knitwear-sweater-ecru\/","og_locale":"es_ES","og_type":"article","og_title":"V Neck Knitwear Sweater Ecru | Dukkan Ecommerce","og_description":"Shop V Neck Knitwear Sweater Ecru at best price in Jordan with Dukkan Ecommerce","og_url":"https:\/\/fashion.dukkanjo.com\/es\/product\/v-neck-knitwear-sweater-ecru\/","og_site_name":"Dukkan Ecommerce","article_modified_time":"2025-10-05T12:35:54+00:00","og_image":[{"width":600,"height":900,"url":"https:\/\/fashion.dukkanjo.com\/wp-content\/uploads\/2025\/10\/suveterv-yaka-triko-suveter-ekru-b10f-7.jpg","type":"image\/jpeg"}],"twitter_card":"summary_large_image","schema":{"@context":"https:\/\/schema.org","@graph":[{"@type":"WebPage","@id":"https:\/\/fashion.dukkanjo.com\/product\/v-neck-knitwear-sweater-ecru\/","url":"https:\/\/fashion.dukkanjo.com\/product\/v-neck-knitwear-sweater-ecru\/","name":"V Neck Knitwear Sweater Ecru | Dukkan Ecommerce","isPartOf":{"@id":"https:\/\/fashion.dukkanjo.com\/#website"},"primaryImageOfPage":{"@id":"https:\/\/fashion.dukkanjo.com\/product\/v-neck-knitwear-sweater-ecru\/#primaryimage"},"image":{"@id":"https:\/\/fashion.dukkanjo.com\/product\/v-neck-knitwear-sweater-ecru\/#primaryimage"},"thumbnailUrl":"https:\/\/fashion.dukkanjo.com\/wp-content\/uploads\/2025\/10\/suveterv-yaka-triko-suveter-ekru-b10f-7.jpg","datePublished":"2025-10-05T12:35:38+00:00","dateModified":"2025-10-05T12:35:54+00:00","description":"Shop V Neck Knitwear Sweater Ecru at best price in Jordan with Dukkan Ecommerce","breadcrumb":{"@id":"https:\/\/fashion.dukkanjo.com\/product\/v-neck-knitwear-sweater-ecru\/#breadcrumb"},"inLanguage":"es","potentialAction":[{"@type":"ReadAction","target":["https:\/\/fashion.dukkanjo.com\/product\/v-neck-knitwear-sweater-ecru\/"]}]},{"@type":"ImageObject","inLanguage":"es","@id":"https:\/\/fashion.dukkanjo.com\/product\/v-neck-knitwear-sweater-ecru\/#primaryimage","url":"https:\/\/fashion.dukkanjo.com\/wp-content\/uploads\/2025\/10\/suveterv-yaka-triko-suveter-ekru-b10f-7.jpg","contentUrl":"https:\/\/fashion.dukkanjo.com\/wp-content\/uploads\/2025\/10\/suveterv-yaka-triko-suveter-ekru-b10f-7.jpg","width":600,"height":900},{"@type":"BreadcrumbList","@id":"https:\/\/fashion.dukkanjo.com\/product\/v-neck-knitwear-sweater-ecru\/#breadcrumb","itemListElement":[{"@type":"ListItem","position":1,"name":"Home","item":"https:\/\/fashion.dukkanjo.com\/"},{"@type":"ListItem","position":2,"name":"Shop","item":"https:\/\/fashion.dukkanjo.com\/shop\/"},{"@type":"ListItem","position":3,"name":"V Neck Knitwear Sweater Ecru"}]},{"@type":"WebSite","@id":"https:\/\/fashion.dukkanjo.com\/#website","url":"https:\/\/fashion.dukkanjo.com\/","name":"Dukkan Ecommerce Jordan","description":"Build Your Ecommerce","publisher":{"@id":"https:\/\/fashion.dukkanjo.com\/#organization"},"potentialAction":[{"@type":"SearchAction","target":{"@type":"EntryPoint","urlTemplate":"https:\/\/fashion.dukkanjo.com\/?s={search_term_string}"},"query-input":{"@type":"PropertyValueSpecification","valueRequired":true,"valueName":"search_term_string"}}],"inLanguage":"es"},{"@type":"Organization","@id":"https:\/\/fashion.dukkanjo.com\/#organization","name":"Dukkan Ecommerce Jordan","url":"https:\/\/fashion.dukkanjo.com\/","logo":{"@type":"ImageObject","inLanguage":"es","@id":"https:\/\/fashion.dukkanjo.com\/#\/schema\/logo\/image\/","url":"https:\/\/1.avvioco.com\/wp-content\/uploads\/2025\/08\/Dukkan-Logo.webp","contentUrl":"https:\/\/1.avvioco.com\/wp-content\/uploads\/2025\/08\/Dukkan-Logo.webp","width":1000,"height":500,"caption":"Dukkan Ecommerce Jordan"},"image":{"@id":"https:\/\/fashion.dukkanjo.com\/#\/schema\/logo\/image\/"}}]}},"_links":{"self":[{"href":"https:\/\/fashion.dukkanjo.com\/es\/wp-json\/wp\/v2\/product\/39649","targetHints":{"allow":["GET"]}}],"collection":[{"href":"https:\/\/fashion.dukkanjo.com\/es\/wp-json\/wp\/v2\/product"}],"about":[{"href":"https:\/\/fashion.dukkanjo.com\/es\/wp-json\/wp\/v2\/types\/product"}],"replies":[{"embeddable":true,"href":"https:\/\/fashion.dukkanjo.com\/es\/wp-json\/wp\/v2\/comments?post=39649"}],"version-history":[{"count":0,"href":"https:\/\/fashion.dukkanjo.com\/es\/wp-json\/wp\/v2\/product\/39649\/revisions"}],"wp:featuredmedia":[{"embeddable":true,"href":"https:\/\/fashion.dukkanjo.com\/es\/wp-json\/wp\/v2\/media\/39679"}],"wp:attachment":[{"href":"https:\/\/fashion.dukkanjo.com\/es\/wp-json\/wp\/v2\/media?parent=39649"}],"wp:term":[{"taxonomy":"product_brand","embeddable":true,"href":"https:\/\/fashion.dukkanjo.com\/es\/wp-json\/wp\/v2\/product_brand?post=39649"},{"taxonomy":"product_cat","embeddable":true,"href":"https:\/\/fashion.dukkanjo.com\/es\/wp-json\/wp\/v2\/product_cat?post=39649"},{"taxonomy":"product_tag","embeddable":true,"href":"https:\/\/fashion.dukkanjo.com\/es\/wp-json\/wp\/v2\/product_tag?post=39649"}],"curies":[{"name":"wp","href":"https:\/\/api.w.org\/{rel}","templated":true}]}}