{"id":39760,"date":"2025-10-05T15:36:18","date_gmt":"2025-10-05T12:36:18","guid":{"rendered":"https:\/\/4.avvioco.com\/?post_type=product&#038;p=39760"},"modified":"2025-10-05T15:36:35","modified_gmt":"2025-10-05T12:36:35","slug":"colorful-lined-leather-trench-coat-black","status":"publish","type":"product","link":"https:\/\/fashion.dukkanjo.com\/es\/product\/colorful-lined-leather-trench-coat-black\/","title":{"rendered":"Abrigo trench de cuero con forro colorido Negro"},"content":{"rendered":"<p><strong><font style=\"vertical-align: inherit\"><font style=\"vertical-align: inherit\">Editor&#8217;s Note<\/font><\/font><\/strong><br \/><font style=\"vertical-align: inherit\"><font style=\"vertical-align: inherit\">Trench coat models, which are indispensable for the Winter\/Autumn wardrobe, draw attention with their different looks in the new season as well. The trench coat, including the Colorful Lined Leather Trench Coat model, is one of the most favorite pieces. <\/font><font style=\"vertical-align: inherit\">You will always be comfortable and stylish with trench coat models, one of the most popular categories of VaroFashion.<\/font><\/font><\/p>\n<p><strong><font style=\"vertical-align: inherit\"><font style=\"vertical-align: inherit\">Tama\u00f1os del producto<\/font><\/font><\/strong><br \/>Boy : 110 cm<br \/>G\u00f6\u011f\u00fcs : 104 cm<br \/>Bel : 100 cm<br \/><font style=\"vertical-align: inherit\"><font style=\"vertical-align: inherit\">(Las medidas se basan en la talla -S-).<\/font><\/font><br \/><font style=\"vertical-align: inherit\"><font style=\"vertical-align: inherit\">(Talla en el maniqu\u00ed: S)<\/font><\/font><\/p>\n<table>\n<tbody>\n<tr>\n<th>Patr\u00f3n<\/th>\n<td>Est\u00e1ndar<\/td>\n<\/tr>\n<tr>\n<th>Ambiente<\/th>\n<td>Youth<\/td>\n<\/tr>\n<tr>\n<th>Velocidad<\/th>\n<td>Forrado<\/td>\n<\/tr>\n<tr>\n<th>Dibujo<\/th>\n<td>Solid Color<\/td>\n<\/tr>\n<\/tbody>\n<\/table>","protected":false},"excerpt":{"rendered":"<p>Editor&#8217;s NoteTrench coat models, which are indispensable for the Winter\/Autumn wardrobe, draw attention with their different looks in the new<\/p>","protected":false},"featured_media":39787,"comment_status":"open","ping_status":"closed","template":"","meta":[],"product_brand":[],"product_cat":[1803,1805],"product_tag":[],"class_list":{"0":"post-39760","1":"product","2":"type-product","3":"status-publish","4":"has-post-thumbnail","6":"product_cat-outerwear","7":"product_cat-trench-coat","9":"first","10":"instock","11":"taxable","12":"shipping-taxable","13":"purchasable","14":"product-type-variable"},"yoast_head":"<!-- This site is optimized with the Yoast SEO plugin v25.9 - https:\/\/yoast.com\/wordpress\/plugins\/seo\/ -->\n<title>Colorful Lined Leather Trench Coat Black | Dukkan Ecommerce<\/title>\n<meta name=\"description\" content=\"Shop Colorful Lined Leather Trench Coat Black at best price in Jordan with Dukkan Ecommerce\" \/>\n<meta name=\"robots\" content=\"index, follow, max-snippet:-1, max-image-preview:large, max-video-preview:-1\" \/>\n<link rel=\"canonical\" href=\"https:\/\/fashion.dukkanjo.com\/es\/product\/colorful-lined-leather-trench-coat-black\/\" \/>\n<meta property=\"og:locale\" content=\"es_ES\" \/>\n<meta property=\"og:type\" content=\"article\" \/>\n<meta property=\"og:title\" content=\"Colorful Lined Leather Trench Coat Black | Dukkan Ecommerce\" \/>\n<meta property=\"og:description\" content=\"Shop Colorful Lined Leather Trench Coat Black at best price in Jordan with Dukkan Ecommerce\" \/>\n<meta property=\"og:url\" content=\"https:\/\/fashion.dukkanjo.com\/es\/product\/colorful-lined-leather-trench-coat-black\/\" \/>\n<meta property=\"og:site_name\" content=\"Dukkan Ecommerce\" \/>\n<meta property=\"article:modified_time\" content=\"2025-10-05T12:36:35+00:00\" \/>\n<meta property=\"og:image\" content=\"https:\/\/fashion.dukkanjo.com\/wp-content\/uploads\/2025\/10\/trenckotcolorful-astarli-deri-trenckot-1290c.jpg\" \/>\n\t<meta property=\"og:image:width\" content=\"600\" \/>\n\t<meta property=\"og:image:height\" content=\"900\" \/>\n\t<meta property=\"og:image:type\" content=\"image\/jpeg\" \/>\n<meta name=\"twitter:card\" content=\"summary_large_image\" \/>\n<script type=\"application\/ld+json\" class=\"yoast-schema-graph\">{\"@context\":\"https:\/\/schema.org\",\"@graph\":[{\"@type\":\"WebPage\",\"@id\":\"https:\/\/fashion.dukkanjo.com\/product\/colorful-lined-leather-trench-coat-black\/\",\"url\":\"https:\/\/fashion.dukkanjo.com\/product\/colorful-lined-leather-trench-coat-black\/\",\"name\":\"Colorful Lined Leather Trench Coat Black | Dukkan Ecommerce\",\"isPartOf\":{\"@id\":\"https:\/\/fashion.dukkanjo.com\/#website\"},\"primaryImageOfPage\":{\"@id\":\"https:\/\/fashion.dukkanjo.com\/product\/colorful-lined-leather-trench-coat-black\/#primaryimage\"},\"image\":{\"@id\":\"https:\/\/fashion.dukkanjo.com\/product\/colorful-lined-leather-trench-coat-black\/#primaryimage\"},\"thumbnailUrl\":\"https:\/\/fashion.dukkanjo.com\/wp-content\/uploads\/2025\/10\/trenckotcolorful-astarli-deri-trenckot-1290c.jpg\",\"datePublished\":\"2025-10-05T12:36:18+00:00\",\"dateModified\":\"2025-10-05T12:36:35+00:00\",\"description\":\"Shop Colorful Lined Leather Trench Coat Black at best price in Jordan with Dukkan Ecommerce\",\"breadcrumb\":{\"@id\":\"https:\/\/fashion.dukkanjo.com\/product\/colorful-lined-leather-trench-coat-black\/#breadcrumb\"},\"inLanguage\":\"es\",\"potentialAction\":[{\"@type\":\"ReadAction\",\"target\":[\"https:\/\/fashion.dukkanjo.com\/product\/colorful-lined-leather-trench-coat-black\/\"]}]},{\"@type\":\"ImageObject\",\"inLanguage\":\"es\",\"@id\":\"https:\/\/fashion.dukkanjo.com\/product\/colorful-lined-leather-trench-coat-black\/#primaryimage\",\"url\":\"https:\/\/fashion.dukkanjo.com\/wp-content\/uploads\/2025\/10\/trenckotcolorful-astarli-deri-trenckot-1290c.jpg\",\"contentUrl\":\"https:\/\/fashion.dukkanjo.com\/wp-content\/uploads\/2025\/10\/trenckotcolorful-astarli-deri-trenckot-1290c.jpg\",\"width\":600,\"height\":900},{\"@type\":\"BreadcrumbList\",\"@id\":\"https:\/\/fashion.dukkanjo.com\/product\/colorful-lined-leather-trench-coat-black\/#breadcrumb\",\"itemListElement\":[{\"@type\":\"ListItem\",\"position\":1,\"name\":\"Home\",\"item\":\"https:\/\/fashion.dukkanjo.com\/\"},{\"@type\":\"ListItem\",\"position\":2,\"name\":\"Shop\",\"item\":\"https:\/\/fashion.dukkanjo.com\/shop\/\"},{\"@type\":\"ListItem\",\"position\":3,\"name\":\"Colorful Lined Leather Trench Coat Black\"}]},{\"@type\":\"WebSite\",\"@id\":\"https:\/\/fashion.dukkanjo.com\/#website\",\"url\":\"https:\/\/fashion.dukkanjo.com\/\",\"name\":\"Dukkan Ecommerce Jordan\",\"description\":\"Build Your Ecommerce\",\"publisher\":{\"@id\":\"https:\/\/fashion.dukkanjo.com\/#organization\"},\"potentialAction\":[{\"@type\":\"SearchAction\",\"target\":{\"@type\":\"EntryPoint\",\"urlTemplate\":\"https:\/\/fashion.dukkanjo.com\/?s={search_term_string}\"},\"query-input\":{\"@type\":\"PropertyValueSpecification\",\"valueRequired\":true,\"valueName\":\"search_term_string\"}}],\"inLanguage\":\"es\"},{\"@type\":\"Organization\",\"@id\":\"https:\/\/fashion.dukkanjo.com\/#organization\",\"name\":\"Dukkan Ecommerce Jordan\",\"url\":\"https:\/\/fashion.dukkanjo.com\/\",\"logo\":{\"@type\":\"ImageObject\",\"inLanguage\":\"es\",\"@id\":\"https:\/\/fashion.dukkanjo.com\/#\/schema\/logo\/image\/\",\"url\":\"https:\/\/1.avvioco.com\/wp-content\/uploads\/2025\/08\/Dukkan-Logo.webp\",\"contentUrl\":\"https:\/\/1.avvioco.com\/wp-content\/uploads\/2025\/08\/Dukkan-Logo.webp\",\"width\":1000,\"height\":500,\"caption\":\"Dukkan Ecommerce Jordan\"},\"image\":{\"@id\":\"https:\/\/fashion.dukkanjo.com\/#\/schema\/logo\/image\/\"}}]}<\/script>\n<!-- \/ Yoast SEO plugin. -->","yoast_head_json":{"title":"Colorful Lined Leather Trench Coat Black | Dukkan Ecommerce","description":"Shop Colorful Lined Leather Trench Coat Black at best price in Jordan with Dukkan Ecommerce","robots":{"index":"index","follow":"follow","max-snippet":"max-snippet:-1","max-image-preview":"max-image-preview:large","max-video-preview":"max-video-preview:-1"},"canonical":"https:\/\/fashion.dukkanjo.com\/es\/product\/colorful-lined-leather-trench-coat-black\/","og_locale":"es_ES","og_type":"article","og_title":"Colorful Lined Leather Trench Coat Black | Dukkan Ecommerce","og_description":"Shop Colorful Lined Leather Trench Coat Black at best price in Jordan with Dukkan Ecommerce","og_url":"https:\/\/fashion.dukkanjo.com\/es\/product\/colorful-lined-leather-trench-coat-black\/","og_site_name":"Dukkan Ecommerce","article_modified_time":"2025-10-05T12:36:35+00:00","og_image":[{"width":600,"height":900,"url":"https:\/\/fashion.dukkanjo.com\/wp-content\/uploads\/2025\/10\/trenckotcolorful-astarli-deri-trenckot-1290c.jpg","type":"image\/jpeg"}],"twitter_card":"summary_large_image","schema":{"@context":"https:\/\/schema.org","@graph":[{"@type":"WebPage","@id":"https:\/\/fashion.dukkanjo.com\/product\/colorful-lined-leather-trench-coat-black\/","url":"https:\/\/fashion.dukkanjo.com\/product\/colorful-lined-leather-trench-coat-black\/","name":"Colorful Lined Leather Trench Coat Black | Dukkan Ecommerce","isPartOf":{"@id":"https:\/\/fashion.dukkanjo.com\/#website"},"primaryImageOfPage":{"@id":"https:\/\/fashion.dukkanjo.com\/product\/colorful-lined-leather-trench-coat-black\/#primaryimage"},"image":{"@id":"https:\/\/fashion.dukkanjo.com\/product\/colorful-lined-leather-trench-coat-black\/#primaryimage"},"thumbnailUrl":"https:\/\/fashion.dukkanjo.com\/wp-content\/uploads\/2025\/10\/trenckotcolorful-astarli-deri-trenckot-1290c.jpg","datePublished":"2025-10-05T12:36:18+00:00","dateModified":"2025-10-05T12:36:35+00:00","description":"Shop Colorful Lined Leather Trench Coat Black at best price in Jordan with Dukkan Ecommerce","breadcrumb":{"@id":"https:\/\/fashion.dukkanjo.com\/product\/colorful-lined-leather-trench-coat-black\/#breadcrumb"},"inLanguage":"es","potentialAction":[{"@type":"ReadAction","target":["https:\/\/fashion.dukkanjo.com\/product\/colorful-lined-leather-trench-coat-black\/"]}]},{"@type":"ImageObject","inLanguage":"es","@id":"https:\/\/fashion.dukkanjo.com\/product\/colorful-lined-leather-trench-coat-black\/#primaryimage","url":"https:\/\/fashion.dukkanjo.com\/wp-content\/uploads\/2025\/10\/trenckotcolorful-astarli-deri-trenckot-1290c.jpg","contentUrl":"https:\/\/fashion.dukkanjo.com\/wp-content\/uploads\/2025\/10\/trenckotcolorful-astarli-deri-trenckot-1290c.jpg","width":600,"height":900},{"@type":"BreadcrumbList","@id":"https:\/\/fashion.dukkanjo.com\/product\/colorful-lined-leather-trench-coat-black\/#breadcrumb","itemListElement":[{"@type":"ListItem","position":1,"name":"Home","item":"https:\/\/fashion.dukkanjo.com\/"},{"@type":"ListItem","position":2,"name":"Shop","item":"https:\/\/fashion.dukkanjo.com\/shop\/"},{"@type":"ListItem","position":3,"name":"Colorful Lined Leather Trench Coat Black"}]},{"@type":"WebSite","@id":"https:\/\/fashion.dukkanjo.com\/#website","url":"https:\/\/fashion.dukkanjo.com\/","name":"Dukkan Ecommerce Jordan","description":"Build Your Ecommerce","publisher":{"@id":"https:\/\/fashion.dukkanjo.com\/#organization"},"potentialAction":[{"@type":"SearchAction","target":{"@type":"EntryPoint","urlTemplate":"https:\/\/fashion.dukkanjo.com\/?s={search_term_string}"},"query-input":{"@type":"PropertyValueSpecification","valueRequired":true,"valueName":"search_term_string"}}],"inLanguage":"es"},{"@type":"Organization","@id":"https:\/\/fashion.dukkanjo.com\/#organization","name":"Dukkan Ecommerce Jordan","url":"https:\/\/fashion.dukkanjo.com\/","logo":{"@type":"ImageObject","inLanguage":"es","@id":"https:\/\/fashion.dukkanjo.com\/#\/schema\/logo\/image\/","url":"https:\/\/1.avvioco.com\/wp-content\/uploads\/2025\/08\/Dukkan-Logo.webp","contentUrl":"https:\/\/1.avvioco.com\/wp-content\/uploads\/2025\/08\/Dukkan-Logo.webp","width":1000,"height":500,"caption":"Dukkan Ecommerce Jordan"},"image":{"@id":"https:\/\/fashion.dukkanjo.com\/#\/schema\/logo\/image\/"}}]}},"_links":{"self":[{"href":"https:\/\/fashion.dukkanjo.com\/es\/wp-json\/wp\/v2\/product\/39760","targetHints":{"allow":["GET"]}}],"collection":[{"href":"https:\/\/fashion.dukkanjo.com\/es\/wp-json\/wp\/v2\/product"}],"about":[{"href":"https:\/\/fashion.dukkanjo.com\/es\/wp-json\/wp\/v2\/types\/product"}],"replies":[{"embeddable":true,"href":"https:\/\/fashion.dukkanjo.com\/es\/wp-json\/wp\/v2\/comments?post=39760"}],"version-history":[{"count":0,"href":"https:\/\/fashion.dukkanjo.com\/es\/wp-json\/wp\/v2\/product\/39760\/revisions"}],"wp:featuredmedia":[{"embeddable":true,"href":"https:\/\/fashion.dukkanjo.com\/es\/wp-json\/wp\/v2\/media\/39787"}],"wp:attachment":[{"href":"https:\/\/fashion.dukkanjo.com\/es\/wp-json\/wp\/v2\/media?parent=39760"}],"wp:term":[{"taxonomy":"product_brand","embeddable":true,"href":"https:\/\/fashion.dukkanjo.com\/es\/wp-json\/wp\/v2\/product_brand?post=39760"},{"taxonomy":"product_cat","embeddable":true,"href":"https:\/\/fashion.dukkanjo.com\/es\/wp-json\/wp\/v2\/product_cat?post=39760"},{"taxonomy":"product_tag","embeddable":true,"href":"https:\/\/fashion.dukkanjo.com\/es\/wp-json\/wp\/v2\/product_tag?post=39760"}],"curies":[{"name":"wp","href":"https:\/\/api.w.org\/{rel}","templated":true}]}}