{"id":39824,"date":"2025-10-05T15:36:39","date_gmt":"2025-10-05T12:36:39","guid":{"rendered":"https:\/\/4.avvioco.com\/?post_type=product&#038;p=39824"},"modified":"2025-10-05T15:36:58","modified_gmt":"2025-10-05T12:36:58","slug":"soft-teddy-coat-brown","status":"publish","type":"product","link":"https:\/\/fashion.dukkanjo.com\/es\/product\/soft-teddy-coat-brown\/","title":{"rendered":"Soft Teddy Coat Brown"},"content":{"rendered":"<p><strong>Edit\u00f6r\u00fcn Notu<\/strong><br \/>\nK\u0131\u015f aylar\u0131n\u0131n vazge\u00e7ilmezi olan kabanlar, sizi s\u0131cac\u0131k tutarken bir yandan da \u015f\u0131kl\u0131\u011f\u0131n\u0131z\u0131 olu\u015fturman\u0131za yard\u0131mc\u0131 oluyor.Yumo\u015f Teddy Kaban modelinin de dahil oldu\u011fu kaban modelleri her sezon yenilenen par\u00e7alar ile stilinize zarafet ve \u015f\u0131kl\u0131k katacak.<\/p>\n<p><strong>\u00dcr\u00fcn \u00d6l\u00e7\u00fcleri<\/strong><br \/>\nBoy : 100 cm<br \/>\nG\u00f6\u011f\u00fcs : 116 cm<br \/>\nBel : 126 cm<br \/>\n(\u00d6l\u00e7\u00fcmler -STD- bedene g\u00f6re yap\u0131lm\u0131\u015ft\u0131r.)<br \/>\n(Manken \u00dczerindeki Beden: STD)<br \/>\n<strong>Kuma\u015f Bilgisi<\/strong><br \/>\n%100 Pamuklu<\/p>\n<table>\n<tbody>\n<tr>\n<th>Kal\u0131p<\/th>\n<td>Relaxed<\/td>\n<\/tr>\n<tr>\n<th>Ortam<\/th>\n<td>Comodidad casual<\/td>\n<\/tr>\n<tr>\n<th>Astar<\/th>\n<td>Astarl\u0131<\/td>\n<\/tr>\n<tr>\n<th>Desen<\/th>\n<td>D\u00fcz Renk<\/td>\n<\/tr>\n<tr>\n<th>Ni\u00f1o<\/th>\n<td>Uzun<\/td>\n<\/tr>\n<tr>\n<th>Kuma\u015f<\/th>\n<td>Pamuklu<\/td>\n<\/tr>\n<tr>\n<th>BO\u015e<\/th>\n<td>D\u00fc\u011fme<\/td>\n<\/tr>\n<\/tbody>\n<\/table>","protected":false},"excerpt":{"rendered":"<p>Edit\u00f6r\u00fcn Notu K\u0131\u015f aylar\u0131n\u0131n vazge\u00e7ilmezi olan kabanlar, sizi s\u0131cac\u0131k tutarken bir yandan da \u015f\u0131kl\u0131\u011f\u0131n\u0131z\u0131 olu\u015fturman\u0131za yard\u0131mc\u0131 oluyor.Yumo\u015f Teddy Kaban modelinin<\/p>","protected":false},"featured_media":39857,"comment_status":"open","ping_status":"closed","template":"","meta":[],"product_brand":[],"product_cat":[1807,1803],"product_tag":[],"class_list":{"0":"post-39824","1":"product","2":"type-product","3":"status-publish","4":"has-post-thumbnail","6":"product_cat-coat","7":"product_cat-outerwear","9":"first","10":"instock","11":"taxable","12":"shipping-taxable","13":"purchasable","14":"product-type-variable"},"yoast_head":"<!-- This site is optimized with the Yoast SEO plugin v25.9 - https:\/\/yoast.com\/wordpress\/plugins\/seo\/ -->\n<title>Soft Teddy Coat Brown | Dukkan Ecommerce<\/title>\n<meta name=\"description\" content=\"Shop Soft Teddy Coat Brown at best price in Jordan with Dukkan Ecommerce\" \/>\n<meta name=\"robots\" content=\"index, follow, max-snippet:-1, max-image-preview:large, max-video-preview:-1\" \/>\n<link rel=\"canonical\" href=\"https:\/\/fashion.dukkanjo.com\/es\/product\/soft-teddy-coat-brown\/\" \/>\n<meta property=\"og:locale\" content=\"es_ES\" \/>\n<meta property=\"og:type\" content=\"article\" \/>\n<meta property=\"og:title\" content=\"Soft Teddy Coat Brown | Dukkan Ecommerce\" \/>\n<meta property=\"og:description\" content=\"Shop Soft Teddy Coat Brown at best price in Jordan with Dukkan Ecommerce\" \/>\n<meta property=\"og:url\" content=\"https:\/\/fashion.dukkanjo.com\/es\/product\/soft-teddy-coat-brown\/\" \/>\n<meta property=\"og:site_name\" content=\"Dukkan Ecommerce\" \/>\n<meta property=\"article:modified_time\" content=\"2025-10-05T12:36:58+00:00\" \/>\n<meta property=\"og:image\" content=\"https:\/\/fashion.dukkanjo.com\/wp-content\/uploads\/2025\/10\/kabanyumos-teddy-kaban-kahve-15-905.jpg\" \/>\n\t<meta property=\"og:image:width\" content=\"600\" \/>\n\t<meta property=\"og:image:height\" content=\"900\" \/>\n\t<meta property=\"og:image:type\" content=\"image\/jpeg\" \/>\n<meta name=\"twitter:card\" content=\"summary_large_image\" \/>\n<script type=\"application\/ld+json\" class=\"yoast-schema-graph\">{\"@context\":\"https:\/\/schema.org\",\"@graph\":[{\"@type\":\"WebPage\",\"@id\":\"https:\/\/fashion.dukkanjo.com\/product\/soft-teddy-coat-brown\/\",\"url\":\"https:\/\/fashion.dukkanjo.com\/product\/soft-teddy-coat-brown\/\",\"name\":\"Soft Teddy Coat Brown | Dukkan Ecommerce\",\"isPartOf\":{\"@id\":\"https:\/\/fashion.dukkanjo.com\/#website\"},\"primaryImageOfPage\":{\"@id\":\"https:\/\/fashion.dukkanjo.com\/product\/soft-teddy-coat-brown\/#primaryimage\"},\"image\":{\"@id\":\"https:\/\/fashion.dukkanjo.com\/product\/soft-teddy-coat-brown\/#primaryimage\"},\"thumbnailUrl\":\"https:\/\/fashion.dukkanjo.com\/wp-content\/uploads\/2025\/10\/kabanyumos-teddy-kaban-kahve-15-905.jpg\",\"datePublished\":\"2025-10-05T12:36:39+00:00\",\"dateModified\":\"2025-10-05T12:36:58+00:00\",\"description\":\"Shop Soft Teddy Coat Brown at best price in Jordan with Dukkan Ecommerce\",\"breadcrumb\":{\"@id\":\"https:\/\/fashion.dukkanjo.com\/product\/soft-teddy-coat-brown\/#breadcrumb\"},\"inLanguage\":\"es\",\"potentialAction\":[{\"@type\":\"ReadAction\",\"target\":[\"https:\/\/fashion.dukkanjo.com\/product\/soft-teddy-coat-brown\/\"]}]},{\"@type\":\"ImageObject\",\"inLanguage\":\"es\",\"@id\":\"https:\/\/fashion.dukkanjo.com\/product\/soft-teddy-coat-brown\/#primaryimage\",\"url\":\"https:\/\/fashion.dukkanjo.com\/wp-content\/uploads\/2025\/10\/kabanyumos-teddy-kaban-kahve-15-905.jpg\",\"contentUrl\":\"https:\/\/fashion.dukkanjo.com\/wp-content\/uploads\/2025\/10\/kabanyumos-teddy-kaban-kahve-15-905.jpg\",\"width\":600,\"height\":900},{\"@type\":\"BreadcrumbList\",\"@id\":\"https:\/\/fashion.dukkanjo.com\/product\/soft-teddy-coat-brown\/#breadcrumb\",\"itemListElement\":[{\"@type\":\"ListItem\",\"position\":1,\"name\":\"Home\",\"item\":\"https:\/\/fashion.dukkanjo.com\/\"},{\"@type\":\"ListItem\",\"position\":2,\"name\":\"Shop\",\"item\":\"https:\/\/fashion.dukkanjo.com\/shop\/\"},{\"@type\":\"ListItem\",\"position\":3,\"name\":\"Soft Teddy Coat Brown\"}]},{\"@type\":\"WebSite\",\"@id\":\"https:\/\/fashion.dukkanjo.com\/#website\",\"url\":\"https:\/\/fashion.dukkanjo.com\/\",\"name\":\"Dukkan Ecommerce Jordan\",\"description\":\"Build Your Ecommerce\",\"publisher\":{\"@id\":\"https:\/\/fashion.dukkanjo.com\/#organization\"},\"potentialAction\":[{\"@type\":\"SearchAction\",\"target\":{\"@type\":\"EntryPoint\",\"urlTemplate\":\"https:\/\/fashion.dukkanjo.com\/?s={search_term_string}\"},\"query-input\":{\"@type\":\"PropertyValueSpecification\",\"valueRequired\":true,\"valueName\":\"search_term_string\"}}],\"inLanguage\":\"es\"},{\"@type\":\"Organization\",\"@id\":\"https:\/\/fashion.dukkanjo.com\/#organization\",\"name\":\"Dukkan Ecommerce Jordan\",\"url\":\"https:\/\/fashion.dukkanjo.com\/\",\"logo\":{\"@type\":\"ImageObject\",\"inLanguage\":\"es\",\"@id\":\"https:\/\/fashion.dukkanjo.com\/#\/schema\/logo\/image\/\",\"url\":\"https:\/\/1.avvioco.com\/wp-content\/uploads\/2025\/08\/Dukkan-Logo.webp\",\"contentUrl\":\"https:\/\/1.avvioco.com\/wp-content\/uploads\/2025\/08\/Dukkan-Logo.webp\",\"width\":1000,\"height\":500,\"caption\":\"Dukkan Ecommerce Jordan\"},\"image\":{\"@id\":\"https:\/\/fashion.dukkanjo.com\/#\/schema\/logo\/image\/\"}}]}<\/script>\n<!-- \/ Yoast SEO plugin. -->","yoast_head_json":{"title":"Soft Teddy Coat Brown | Dukkan Ecommerce","description":"Shop Soft Teddy Coat Brown at best price in Jordan with Dukkan Ecommerce","robots":{"index":"index","follow":"follow","max-snippet":"max-snippet:-1","max-image-preview":"max-image-preview:large","max-video-preview":"max-video-preview:-1"},"canonical":"https:\/\/fashion.dukkanjo.com\/es\/product\/soft-teddy-coat-brown\/","og_locale":"es_ES","og_type":"article","og_title":"Soft Teddy Coat Brown | Dukkan Ecommerce","og_description":"Shop Soft Teddy Coat Brown at best price in Jordan with Dukkan Ecommerce","og_url":"https:\/\/fashion.dukkanjo.com\/es\/product\/soft-teddy-coat-brown\/","og_site_name":"Dukkan Ecommerce","article_modified_time":"2025-10-05T12:36:58+00:00","og_image":[{"width":600,"height":900,"url":"https:\/\/fashion.dukkanjo.com\/wp-content\/uploads\/2025\/10\/kabanyumos-teddy-kaban-kahve-15-905.jpg","type":"image\/jpeg"}],"twitter_card":"summary_large_image","schema":{"@context":"https:\/\/schema.org","@graph":[{"@type":"WebPage","@id":"https:\/\/fashion.dukkanjo.com\/product\/soft-teddy-coat-brown\/","url":"https:\/\/fashion.dukkanjo.com\/product\/soft-teddy-coat-brown\/","name":"Soft Teddy Coat Brown | Dukkan Ecommerce","isPartOf":{"@id":"https:\/\/fashion.dukkanjo.com\/#website"},"primaryImageOfPage":{"@id":"https:\/\/fashion.dukkanjo.com\/product\/soft-teddy-coat-brown\/#primaryimage"},"image":{"@id":"https:\/\/fashion.dukkanjo.com\/product\/soft-teddy-coat-brown\/#primaryimage"},"thumbnailUrl":"https:\/\/fashion.dukkanjo.com\/wp-content\/uploads\/2025\/10\/kabanyumos-teddy-kaban-kahve-15-905.jpg","datePublished":"2025-10-05T12:36:39+00:00","dateModified":"2025-10-05T12:36:58+00:00","description":"Shop Soft Teddy Coat Brown at best price in Jordan with Dukkan Ecommerce","breadcrumb":{"@id":"https:\/\/fashion.dukkanjo.com\/product\/soft-teddy-coat-brown\/#breadcrumb"},"inLanguage":"es","potentialAction":[{"@type":"ReadAction","target":["https:\/\/fashion.dukkanjo.com\/product\/soft-teddy-coat-brown\/"]}]},{"@type":"ImageObject","inLanguage":"es","@id":"https:\/\/fashion.dukkanjo.com\/product\/soft-teddy-coat-brown\/#primaryimage","url":"https:\/\/fashion.dukkanjo.com\/wp-content\/uploads\/2025\/10\/kabanyumos-teddy-kaban-kahve-15-905.jpg","contentUrl":"https:\/\/fashion.dukkanjo.com\/wp-content\/uploads\/2025\/10\/kabanyumos-teddy-kaban-kahve-15-905.jpg","width":600,"height":900},{"@type":"BreadcrumbList","@id":"https:\/\/fashion.dukkanjo.com\/product\/soft-teddy-coat-brown\/#breadcrumb","itemListElement":[{"@type":"ListItem","position":1,"name":"Home","item":"https:\/\/fashion.dukkanjo.com\/"},{"@type":"ListItem","position":2,"name":"Shop","item":"https:\/\/fashion.dukkanjo.com\/shop\/"},{"@type":"ListItem","position":3,"name":"Soft Teddy Coat Brown"}]},{"@type":"WebSite","@id":"https:\/\/fashion.dukkanjo.com\/#website","url":"https:\/\/fashion.dukkanjo.com\/","name":"Dukkan Ecommerce Jordan","description":"Build Your Ecommerce","publisher":{"@id":"https:\/\/fashion.dukkanjo.com\/#organization"},"potentialAction":[{"@type":"SearchAction","target":{"@type":"EntryPoint","urlTemplate":"https:\/\/fashion.dukkanjo.com\/?s={search_term_string}"},"query-input":{"@type":"PropertyValueSpecification","valueRequired":true,"valueName":"search_term_string"}}],"inLanguage":"es"},{"@type":"Organization","@id":"https:\/\/fashion.dukkanjo.com\/#organization","name":"Dukkan Ecommerce Jordan","url":"https:\/\/fashion.dukkanjo.com\/","logo":{"@type":"ImageObject","inLanguage":"es","@id":"https:\/\/fashion.dukkanjo.com\/#\/schema\/logo\/image\/","url":"https:\/\/1.avvioco.com\/wp-content\/uploads\/2025\/08\/Dukkan-Logo.webp","contentUrl":"https:\/\/1.avvioco.com\/wp-content\/uploads\/2025\/08\/Dukkan-Logo.webp","width":1000,"height":500,"caption":"Dukkan Ecommerce Jordan"},"image":{"@id":"https:\/\/fashion.dukkanjo.com\/#\/schema\/logo\/image\/"}}]}},"_links":{"self":[{"href":"https:\/\/fashion.dukkanjo.com\/es\/wp-json\/wp\/v2\/product\/39824","targetHints":{"allow":["GET"]}}],"collection":[{"href":"https:\/\/fashion.dukkanjo.com\/es\/wp-json\/wp\/v2\/product"}],"about":[{"href":"https:\/\/fashion.dukkanjo.com\/es\/wp-json\/wp\/v2\/types\/product"}],"replies":[{"embeddable":true,"href":"https:\/\/fashion.dukkanjo.com\/es\/wp-json\/wp\/v2\/comments?post=39824"}],"version-history":[{"count":0,"href":"https:\/\/fashion.dukkanjo.com\/es\/wp-json\/wp\/v2\/product\/39824\/revisions"}],"wp:featuredmedia":[{"embeddable":true,"href":"https:\/\/fashion.dukkanjo.com\/es\/wp-json\/wp\/v2\/media\/39857"}],"wp:attachment":[{"href":"https:\/\/fashion.dukkanjo.com\/es\/wp-json\/wp\/v2\/media?parent=39824"}],"wp:term":[{"taxonomy":"product_brand","embeddable":true,"href":"https:\/\/fashion.dukkanjo.com\/es\/wp-json\/wp\/v2\/product_brand?post=39824"},{"taxonomy":"product_cat","embeddable":true,"href":"https:\/\/fashion.dukkanjo.com\/es\/wp-json\/wp\/v2\/product_cat?post=39824"},{"taxonomy":"product_tag","embeddable":true,"href":"https:\/\/fashion.dukkanjo.com\/es\/wp-json\/wp\/v2\/product_tag?post=39824"}],"curies":[{"name":"wp","href":"https:\/\/api.w.org\/{rel}","templated":true}]}}