{"id":40486,"date":"2025-10-05T15:40:26","date_gmt":"2025-10-05T12:40:26","guid":{"rendered":"https:\/\/4.avvioco.com\/?post_type=product&#038;p=40486"},"modified":"2025-10-05T15:40:42","modified_gmt":"2025-10-05T12:40:42","slug":"rose-crispy-dress-fuchsia","status":"publish","type":"product","link":"https:\/\/fashion.dukkanjo.com\/es\/product\/rose-crispy-dress-fuchsia\/","title":{"rendered":"Vestido crujiente rosa fucsia"},"content":{"rendered":"<p><strong><span style=\"vertical-align: inherit;\"><span style=\"vertical-align: inherit;\">Editor&#8217;s Note<\/span><\/span><\/strong><\/p>\n<p><span style=\"vertical-align: inherit;\"><span style=\"vertical-align: inherit;\">El modelo de vestido Rose Crab es una de las piezas m\u00e1s llamativas de la nueva temporada. <\/span><span style=\"vertical-align: inherit;\">El vestido que puedes elegir con mini accesorios ser\u00e1 tu favorito. <\/span><span style=\"vertical-align: inherit;\">Todas las miradas est\u00e1n puestas en ti con los modelos de vestidos en el cat\u00e1logo en l\u00ednea de la boutique Mylove.<\/span><\/span><\/p>\n<p><strong><span style=\"vertical-align: inherit;\"><span style=\"vertical-align: inherit;\">Tama\u00f1os del producto<\/span><\/span><\/strong><\/p>\n<p>Ni\u00f1o: 90 cm<\/p>\n<p>G\u00f6\u011f\u00fcs: 88 cm<\/p>\n<p>Bel: 64 cm<\/p>\n<p><span style=\"vertical-align: inherit;\"><span style=\"vertical-align: inherit;\">(Las medidas se basan en la talla -S-).<\/span><\/span><\/p>\n<p><span style=\"vertical-align: inherit;\"><span style=\"vertical-align: inherit;\">(Talla en el maniqu\u00ed: S)<\/span><\/span><\/p>\n<table>\n<tbody>\n<tr>\n<th>Patr\u00f3n<\/th>\n<td>Relaxed<\/td>\n<\/tr>\n<tr>\n<th>Ambiente<\/th>\n<td>Noche elegante<\/td>\n<\/tr>\n<tr>\n<th>Velocidad<\/th>\n<td>Forrado<\/td>\n<\/tr>\n<tr>\n<th>Dibujo<\/th>\n<td>Floreciente<\/td>\n<\/tr>\n<tr>\n<th>Material<\/th>\n<td>Mezcla de poli\u00e9ster<\/td>\n<\/tr>\n<tr>\n<th>NULL<\/th>\n<td>con cremallera<\/td>\n<\/tr>\n<\/tbody>\n<\/table>","protected":false},"excerpt":{"rendered":"<p>Editor&#8217;s Note Rose Crab Dress model is one of the most striking pieces of the new season. The dress you<\/p>","protected":false},"featured_media":40511,"comment_status":"open","ping_status":"closed","template":"","meta":[],"product_brand":[],"product_cat":[1813],"product_tag":[],"class_list":{"0":"post-40486","1":"product","2":"type-product","3":"status-publish","4":"has-post-thumbnail","6":"product_cat-dresses","8":"first","9":"instock","10":"taxable","11":"shipping-taxable","12":"purchasable","13":"product-type-variable"},"yoast_head":"<!-- This site is optimized with the Yoast SEO plugin v25.9 - https:\/\/yoast.com\/wordpress\/plugins\/seo\/ -->\n<title>Rose Crispy Dress Fuchsia | Dukkan Ecommerce<\/title>\n<meta name=\"description\" content=\"Shop Rose Crispy Dress Fuchsia at best price in Jordan with Dukkan Ecommerce\" \/>\n<meta name=\"robots\" content=\"index, follow, max-snippet:-1, max-image-preview:large, max-video-preview:-1\" \/>\n<link rel=\"canonical\" href=\"https:\/\/fashion.dukkanjo.com\/es\/product\/rose-crispy-dress-fuchsia\/\" \/>\n<meta property=\"og:locale\" content=\"es_ES\" \/>\n<meta property=\"og:type\" content=\"article\" \/>\n<meta property=\"og:title\" content=\"Rose Crispy Dress Fuchsia | Dukkan Ecommerce\" \/>\n<meta property=\"og:description\" content=\"Shop Rose Crispy Dress Fuchsia at best price in Jordan with Dukkan Ecommerce\" \/>\n<meta property=\"og:url\" content=\"https:\/\/fashion.dukkanjo.com\/es\/product\/rose-crispy-dress-fuchsia\/\" \/>\n<meta property=\"og:site_name\" content=\"Dukkan Ecommerce\" \/>\n<meta property=\"article:modified_time\" content=\"2025-10-05T12:40:42+00:00\" \/>\n<meta property=\"og:image\" content=\"https:\/\/fashion.dukkanjo.com\/wp-content\/uploads\/2025\/10\/elbiselerrose-burumcuk-elbise-fusya-d15512.jpg\" \/>\n\t<meta property=\"og:image:width\" content=\"600\" \/>\n\t<meta property=\"og:image:height\" content=\"900\" \/>\n\t<meta property=\"og:image:type\" content=\"image\/jpeg\" \/>\n<meta name=\"twitter:card\" content=\"summary_large_image\" \/>\n<script type=\"application\/ld+json\" class=\"yoast-schema-graph\">{\"@context\":\"https:\/\/schema.org\",\"@graph\":[{\"@type\":\"WebPage\",\"@id\":\"https:\/\/fashion.dukkanjo.com\/product\/rose-crispy-dress-fuchsia\/\",\"url\":\"https:\/\/fashion.dukkanjo.com\/product\/rose-crispy-dress-fuchsia\/\",\"name\":\"Rose Crispy Dress Fuchsia | Dukkan Ecommerce\",\"isPartOf\":{\"@id\":\"https:\/\/fashion.dukkanjo.com\/#website\"},\"primaryImageOfPage\":{\"@id\":\"https:\/\/fashion.dukkanjo.com\/product\/rose-crispy-dress-fuchsia\/#primaryimage\"},\"image\":{\"@id\":\"https:\/\/fashion.dukkanjo.com\/product\/rose-crispy-dress-fuchsia\/#primaryimage\"},\"thumbnailUrl\":\"https:\/\/fashion.dukkanjo.com\/wp-content\/uploads\/2025\/10\/elbiselerrose-burumcuk-elbise-fusya-d15512.jpg\",\"datePublished\":\"2025-10-05T12:40:26+00:00\",\"dateModified\":\"2025-10-05T12:40:42+00:00\",\"description\":\"Shop Rose Crispy Dress Fuchsia at best price in Jordan with Dukkan Ecommerce\",\"breadcrumb\":{\"@id\":\"https:\/\/fashion.dukkanjo.com\/product\/rose-crispy-dress-fuchsia\/#breadcrumb\"},\"inLanguage\":\"es\",\"potentialAction\":[{\"@type\":\"ReadAction\",\"target\":[\"https:\/\/fashion.dukkanjo.com\/product\/rose-crispy-dress-fuchsia\/\"]}]},{\"@type\":\"ImageObject\",\"inLanguage\":\"es\",\"@id\":\"https:\/\/fashion.dukkanjo.com\/product\/rose-crispy-dress-fuchsia\/#primaryimage\",\"url\":\"https:\/\/fashion.dukkanjo.com\/wp-content\/uploads\/2025\/10\/elbiselerrose-burumcuk-elbise-fusya-d15512.jpg\",\"contentUrl\":\"https:\/\/fashion.dukkanjo.com\/wp-content\/uploads\/2025\/10\/elbiselerrose-burumcuk-elbise-fusya-d15512.jpg\",\"width\":600,\"height\":900},{\"@type\":\"BreadcrumbList\",\"@id\":\"https:\/\/fashion.dukkanjo.com\/product\/rose-crispy-dress-fuchsia\/#breadcrumb\",\"itemListElement\":[{\"@type\":\"ListItem\",\"position\":1,\"name\":\"Home\",\"item\":\"https:\/\/fashion.dukkanjo.com\/\"},{\"@type\":\"ListItem\",\"position\":2,\"name\":\"Shop\",\"item\":\"https:\/\/fashion.dukkanjo.com\/shop\/\"},{\"@type\":\"ListItem\",\"position\":3,\"name\":\"Rose Crispy Dress Fuchsia\"}]},{\"@type\":\"WebSite\",\"@id\":\"https:\/\/fashion.dukkanjo.com\/#website\",\"url\":\"https:\/\/fashion.dukkanjo.com\/\",\"name\":\"Dukkan Ecommerce Jordan\",\"description\":\"Build Your Ecommerce\",\"publisher\":{\"@id\":\"https:\/\/fashion.dukkanjo.com\/#organization\"},\"potentialAction\":[{\"@type\":\"SearchAction\",\"target\":{\"@type\":\"EntryPoint\",\"urlTemplate\":\"https:\/\/fashion.dukkanjo.com\/?s={search_term_string}\"},\"query-input\":{\"@type\":\"PropertyValueSpecification\",\"valueRequired\":true,\"valueName\":\"search_term_string\"}}],\"inLanguage\":\"es\"},{\"@type\":\"Organization\",\"@id\":\"https:\/\/fashion.dukkanjo.com\/#organization\",\"name\":\"Dukkan Ecommerce Jordan\",\"url\":\"https:\/\/fashion.dukkanjo.com\/\",\"logo\":{\"@type\":\"ImageObject\",\"inLanguage\":\"es\",\"@id\":\"https:\/\/fashion.dukkanjo.com\/#\/schema\/logo\/image\/\",\"url\":\"https:\/\/1.avvioco.com\/wp-content\/uploads\/2025\/08\/Dukkan-Logo.webp\",\"contentUrl\":\"https:\/\/1.avvioco.com\/wp-content\/uploads\/2025\/08\/Dukkan-Logo.webp\",\"width\":1000,\"height\":500,\"caption\":\"Dukkan Ecommerce Jordan\"},\"image\":{\"@id\":\"https:\/\/fashion.dukkanjo.com\/#\/schema\/logo\/image\/\"}}]}<\/script>\n<!-- \/ Yoast SEO plugin. -->","yoast_head_json":{"title":"Rose Crispy Dress Fuchsia | Dukkan Ecommerce","description":"Shop Rose Crispy Dress Fuchsia at best price in Jordan with Dukkan Ecommerce","robots":{"index":"index","follow":"follow","max-snippet":"max-snippet:-1","max-image-preview":"max-image-preview:large","max-video-preview":"max-video-preview:-1"},"canonical":"https:\/\/fashion.dukkanjo.com\/es\/product\/rose-crispy-dress-fuchsia\/","og_locale":"es_ES","og_type":"article","og_title":"Rose Crispy Dress Fuchsia | Dukkan Ecommerce","og_description":"Shop Rose Crispy Dress Fuchsia at best price in Jordan with Dukkan Ecommerce","og_url":"https:\/\/fashion.dukkanjo.com\/es\/product\/rose-crispy-dress-fuchsia\/","og_site_name":"Dukkan Ecommerce","article_modified_time":"2025-10-05T12:40:42+00:00","og_image":[{"width":600,"height":900,"url":"https:\/\/fashion.dukkanjo.com\/wp-content\/uploads\/2025\/10\/elbiselerrose-burumcuk-elbise-fusya-d15512.jpg","type":"image\/jpeg"}],"twitter_card":"summary_large_image","schema":{"@context":"https:\/\/schema.org","@graph":[{"@type":"WebPage","@id":"https:\/\/fashion.dukkanjo.com\/product\/rose-crispy-dress-fuchsia\/","url":"https:\/\/fashion.dukkanjo.com\/product\/rose-crispy-dress-fuchsia\/","name":"Rose Crispy Dress Fuchsia | Dukkan Ecommerce","isPartOf":{"@id":"https:\/\/fashion.dukkanjo.com\/#website"},"primaryImageOfPage":{"@id":"https:\/\/fashion.dukkanjo.com\/product\/rose-crispy-dress-fuchsia\/#primaryimage"},"image":{"@id":"https:\/\/fashion.dukkanjo.com\/product\/rose-crispy-dress-fuchsia\/#primaryimage"},"thumbnailUrl":"https:\/\/fashion.dukkanjo.com\/wp-content\/uploads\/2025\/10\/elbiselerrose-burumcuk-elbise-fusya-d15512.jpg","datePublished":"2025-10-05T12:40:26+00:00","dateModified":"2025-10-05T12:40:42+00:00","description":"Shop Rose Crispy Dress Fuchsia at best price in Jordan with Dukkan Ecommerce","breadcrumb":{"@id":"https:\/\/fashion.dukkanjo.com\/product\/rose-crispy-dress-fuchsia\/#breadcrumb"},"inLanguage":"es","potentialAction":[{"@type":"ReadAction","target":["https:\/\/fashion.dukkanjo.com\/product\/rose-crispy-dress-fuchsia\/"]}]},{"@type":"ImageObject","inLanguage":"es","@id":"https:\/\/fashion.dukkanjo.com\/product\/rose-crispy-dress-fuchsia\/#primaryimage","url":"https:\/\/fashion.dukkanjo.com\/wp-content\/uploads\/2025\/10\/elbiselerrose-burumcuk-elbise-fusya-d15512.jpg","contentUrl":"https:\/\/fashion.dukkanjo.com\/wp-content\/uploads\/2025\/10\/elbiselerrose-burumcuk-elbise-fusya-d15512.jpg","width":600,"height":900},{"@type":"BreadcrumbList","@id":"https:\/\/fashion.dukkanjo.com\/product\/rose-crispy-dress-fuchsia\/#breadcrumb","itemListElement":[{"@type":"ListItem","position":1,"name":"Home","item":"https:\/\/fashion.dukkanjo.com\/"},{"@type":"ListItem","position":2,"name":"Shop","item":"https:\/\/fashion.dukkanjo.com\/shop\/"},{"@type":"ListItem","position":3,"name":"Rose Crispy Dress Fuchsia"}]},{"@type":"WebSite","@id":"https:\/\/fashion.dukkanjo.com\/#website","url":"https:\/\/fashion.dukkanjo.com\/","name":"Dukkan Ecommerce Jordan","description":"Build Your Ecommerce","publisher":{"@id":"https:\/\/fashion.dukkanjo.com\/#organization"},"potentialAction":[{"@type":"SearchAction","target":{"@type":"EntryPoint","urlTemplate":"https:\/\/fashion.dukkanjo.com\/?s={search_term_string}"},"query-input":{"@type":"PropertyValueSpecification","valueRequired":true,"valueName":"search_term_string"}}],"inLanguage":"es"},{"@type":"Organization","@id":"https:\/\/fashion.dukkanjo.com\/#organization","name":"Dukkan Ecommerce Jordan","url":"https:\/\/fashion.dukkanjo.com\/","logo":{"@type":"ImageObject","inLanguage":"es","@id":"https:\/\/fashion.dukkanjo.com\/#\/schema\/logo\/image\/","url":"https:\/\/1.avvioco.com\/wp-content\/uploads\/2025\/08\/Dukkan-Logo.webp","contentUrl":"https:\/\/1.avvioco.com\/wp-content\/uploads\/2025\/08\/Dukkan-Logo.webp","width":1000,"height":500,"caption":"Dukkan Ecommerce Jordan"},"image":{"@id":"https:\/\/fashion.dukkanjo.com\/#\/schema\/logo\/image\/"}}]}},"_links":{"self":[{"href":"https:\/\/fashion.dukkanjo.com\/es\/wp-json\/wp\/v2\/product\/40486","targetHints":{"allow":["GET"]}}],"collection":[{"href":"https:\/\/fashion.dukkanjo.com\/es\/wp-json\/wp\/v2\/product"}],"about":[{"href":"https:\/\/fashion.dukkanjo.com\/es\/wp-json\/wp\/v2\/types\/product"}],"replies":[{"embeddable":true,"href":"https:\/\/fashion.dukkanjo.com\/es\/wp-json\/wp\/v2\/comments?post=40486"}],"version-history":[{"count":0,"href":"https:\/\/fashion.dukkanjo.com\/es\/wp-json\/wp\/v2\/product\/40486\/revisions"}],"wp:featuredmedia":[{"embeddable":true,"href":"https:\/\/fashion.dukkanjo.com\/es\/wp-json\/wp\/v2\/media\/40511"}],"wp:attachment":[{"href":"https:\/\/fashion.dukkanjo.com\/es\/wp-json\/wp\/v2\/media?parent=40486"}],"wp:term":[{"taxonomy":"product_brand","embeddable":true,"href":"https:\/\/fashion.dukkanjo.com\/es\/wp-json\/wp\/v2\/product_brand?post=40486"},{"taxonomy":"product_cat","embeddable":true,"href":"https:\/\/fashion.dukkanjo.com\/es\/wp-json\/wp\/v2\/product_cat?post=40486"},{"taxonomy":"product_tag","embeddable":true,"href":"https:\/\/fashion.dukkanjo.com\/es\/wp-json\/wp\/v2\/product_tag?post=40486"}],"curies":[{"name":"wp","href":"https:\/\/api.w.org\/{rel}","templated":true}]}}