{"id":40494,"date":"2025-10-05T15:40:28","date_gmt":"2025-10-05T12:40:28","guid":{"rendered":"https:\/\/4.avvioco.com\/?post_type=product&#038;p=40494"},"modified":"2025-10-05T15:41:01","modified_gmt":"2025-10-05T12:41:01","slug":"sport-hoodie-jogger-suit-gray","status":"publish","type":"product","link":"https:\/\/fashion.dukkanjo.com\/es\/product\/sport-hoodie-jogger-suit-gray\/","title":{"rendered":"Conjunto deportivo con capucha y pantal\u00f3n de ch\u00e1ndal gris"},"content":{"rendered":"<p><strong><font style=\"vertical-align: inherit\"><font style=\"vertical-align: inherit\">Editor&#8217;s Note<\/font><\/font><\/strong><br \/><font style=\"vertical-align: inherit\"><font style=\"vertical-align: inherit\">Todos tenemos dificultades para hacer combinaciones en la prisa diaria. <\/font><font style=\"vertical-align: inherit\">En este punto, podemos lograr looks elegantes con los modelos de traje que son la parte salvadora de nuestro guardarropa. <\/font><font style=\"vertical-align: inherit\">Tambi\u00e9n te encantar\u00e1 esta categor\u00eda, que tambi\u00e9n incluye el modelo de traje deportivo con capucha Jogger.<\/font><\/font><\/p>\n<p><font style=\"vertical-align: inherit\"><font style=\"vertical-align: inherit\">(Las medidas se basan en la talla -S-).<\/font><\/font><br \/><font style=\"vertical-align: inherit\"><font style=\"vertical-align: inherit\">(Talla en el maniqu\u00ed: S)<\/font><\/font><\/p>\n<table>\n<tbody>\n<tr>\n<th>Patr\u00f3n<\/th>\n<td>Est\u00e1ndar<\/td>\n<\/tr>\n<tr>\n<th>Ambiente<\/th>\n<td>Comodidad casual<\/td>\n<\/tr>\n<tr>\n<th>Forro<\/th>\n<td>Sin forro<\/td>\n<\/tr>\n<tr>\n<th>Patr\u00f3n<\/th>\n<td>Plano<\/td>\n<\/tr>\n<tr>\n<th>NULL<\/th>\n<td>sin cierre<\/td>\n<\/tr>\n<\/tbody>\n<\/table>","protected":false},"excerpt":{"rendered":"<p>Editor&#8217;s NoteWe all have difficulty in making combinations in the daily rush. At this point, we can achieve stylish looks<\/p>","protected":false},"featured_media":40519,"comment_status":"open","ping_status":"closed","template":"","meta":[],"product_brand":[],"product_cat":[1793,1798],"product_tag":[],"class_list":{"0":"post-40494","1":"product","2":"type-product","3":"status-publish","4":"has-post-thumbnail","6":"product_cat-top-clothing","7":"product_cat-teams","9":"first","10":"instock","11":"taxable","12":"shipping-taxable","13":"purchasable","14":"product-type-variable"},"yoast_head":"<!-- This site is optimized with the Yoast SEO plugin v25.9 - https:\/\/yoast.com\/wordpress\/plugins\/seo\/ -->\n<title>Sport Hoodie Jogger Suit Gray | Dukkan Ecommerce<\/title>\n<meta name=\"description\" content=\"Shop Sport Hoodie Jogger Suit Gray at best price in Jordan with Dukkan Ecommerce\" \/>\n<meta name=\"robots\" content=\"index, follow, max-snippet:-1, max-image-preview:large, max-video-preview:-1\" \/>\n<link rel=\"canonical\" href=\"https:\/\/fashion.dukkanjo.com\/es\/product\/sport-hoodie-jogger-suit-gray\/\" \/>\n<meta property=\"og:locale\" content=\"es_ES\" \/>\n<meta property=\"og:type\" content=\"article\" \/>\n<meta property=\"og:title\" content=\"Sport Hoodie Jogger Suit Gray | Dukkan Ecommerce\" \/>\n<meta property=\"og:description\" content=\"Shop Sport Hoodie Jogger Suit Gray at best price in Jordan with Dukkan Ecommerce\" \/>\n<meta property=\"og:url\" content=\"https:\/\/fashion.dukkanjo.com\/es\/product\/sport-hoodie-jogger-suit-gray\/\" \/>\n<meta property=\"og:site_name\" content=\"Dukkan Ecommerce\" \/>\n<meta property=\"article:modified_time\" content=\"2025-10-05T12:41:01+00:00\" \/>\n<meta property=\"og:image\" content=\"https:\/\/fashion.dukkanjo.com\/wp-content\/uploads\/2025\/10\/takimlarsport-kapusonlu-jogger-takim-g-b71018.jpg\" \/>\n\t<meta property=\"og:image:width\" content=\"600\" \/>\n\t<meta property=\"og:image:height\" content=\"900\" \/>\n\t<meta property=\"og:image:type\" content=\"image\/jpeg\" \/>\n<meta name=\"twitter:card\" content=\"summary_large_image\" \/>\n<script type=\"application\/ld+json\" class=\"yoast-schema-graph\">{\"@context\":\"https:\/\/schema.org\",\"@graph\":[{\"@type\":\"WebPage\",\"@id\":\"https:\/\/fashion.dukkanjo.com\/product\/sport-hoodie-jogger-suit-gray\/\",\"url\":\"https:\/\/fashion.dukkanjo.com\/product\/sport-hoodie-jogger-suit-gray\/\",\"name\":\"Sport Hoodie Jogger Suit Gray | Dukkan Ecommerce\",\"isPartOf\":{\"@id\":\"https:\/\/fashion.dukkanjo.com\/#website\"},\"primaryImageOfPage\":{\"@id\":\"https:\/\/fashion.dukkanjo.com\/product\/sport-hoodie-jogger-suit-gray\/#primaryimage\"},\"image\":{\"@id\":\"https:\/\/fashion.dukkanjo.com\/product\/sport-hoodie-jogger-suit-gray\/#primaryimage\"},\"thumbnailUrl\":\"https:\/\/fashion.dukkanjo.com\/wp-content\/uploads\/2025\/10\/takimlarsport-kapusonlu-jogger-takim-g-b71018.jpg\",\"datePublished\":\"2025-10-05T12:40:28+00:00\",\"dateModified\":\"2025-10-05T12:41:01+00:00\",\"description\":\"Shop Sport Hoodie Jogger Suit Gray at best price in Jordan with Dukkan Ecommerce\",\"breadcrumb\":{\"@id\":\"https:\/\/fashion.dukkanjo.com\/product\/sport-hoodie-jogger-suit-gray\/#breadcrumb\"},\"inLanguage\":\"es\",\"potentialAction\":[{\"@type\":\"ReadAction\",\"target\":[\"https:\/\/fashion.dukkanjo.com\/product\/sport-hoodie-jogger-suit-gray\/\"]}]},{\"@type\":\"ImageObject\",\"inLanguage\":\"es\",\"@id\":\"https:\/\/fashion.dukkanjo.com\/product\/sport-hoodie-jogger-suit-gray\/#primaryimage\",\"url\":\"https:\/\/fashion.dukkanjo.com\/wp-content\/uploads\/2025\/10\/takimlarsport-kapusonlu-jogger-takim-g-b71018.jpg\",\"contentUrl\":\"https:\/\/fashion.dukkanjo.com\/wp-content\/uploads\/2025\/10\/takimlarsport-kapusonlu-jogger-takim-g-b71018.jpg\",\"width\":600,\"height\":900},{\"@type\":\"BreadcrumbList\",\"@id\":\"https:\/\/fashion.dukkanjo.com\/product\/sport-hoodie-jogger-suit-gray\/#breadcrumb\",\"itemListElement\":[{\"@type\":\"ListItem\",\"position\":1,\"name\":\"Home\",\"item\":\"https:\/\/fashion.dukkanjo.com\/\"},{\"@type\":\"ListItem\",\"position\":2,\"name\":\"Shop\",\"item\":\"https:\/\/fashion.dukkanjo.com\/shop\/\"},{\"@type\":\"ListItem\",\"position\":3,\"name\":\"Sport Hoodie Jogger Suit Gray\"}]},{\"@type\":\"WebSite\",\"@id\":\"https:\/\/fashion.dukkanjo.com\/#website\",\"url\":\"https:\/\/fashion.dukkanjo.com\/\",\"name\":\"Dukkan Ecommerce Jordan\",\"description\":\"Build Your Ecommerce\",\"publisher\":{\"@id\":\"https:\/\/fashion.dukkanjo.com\/#organization\"},\"potentialAction\":[{\"@type\":\"SearchAction\",\"target\":{\"@type\":\"EntryPoint\",\"urlTemplate\":\"https:\/\/fashion.dukkanjo.com\/?s={search_term_string}\"},\"query-input\":{\"@type\":\"PropertyValueSpecification\",\"valueRequired\":true,\"valueName\":\"search_term_string\"}}],\"inLanguage\":\"es\"},{\"@type\":\"Organization\",\"@id\":\"https:\/\/fashion.dukkanjo.com\/#organization\",\"name\":\"Dukkan Ecommerce Jordan\",\"url\":\"https:\/\/fashion.dukkanjo.com\/\",\"logo\":{\"@type\":\"ImageObject\",\"inLanguage\":\"es\",\"@id\":\"https:\/\/fashion.dukkanjo.com\/#\/schema\/logo\/image\/\",\"url\":\"https:\/\/1.avvioco.com\/wp-content\/uploads\/2025\/08\/Dukkan-Logo.webp\",\"contentUrl\":\"https:\/\/1.avvioco.com\/wp-content\/uploads\/2025\/08\/Dukkan-Logo.webp\",\"width\":1000,\"height\":500,\"caption\":\"Dukkan Ecommerce Jordan\"},\"image\":{\"@id\":\"https:\/\/fashion.dukkanjo.com\/#\/schema\/logo\/image\/\"}}]}<\/script>\n<!-- \/ Yoast SEO plugin. -->","yoast_head_json":{"title":"Sport Hoodie Jogger Suit Gray | Dukkan Ecommerce","description":"Shop Sport Hoodie Jogger Suit Gray at best price in Jordan with Dukkan Ecommerce","robots":{"index":"index","follow":"follow","max-snippet":"max-snippet:-1","max-image-preview":"max-image-preview:large","max-video-preview":"max-video-preview:-1"},"canonical":"https:\/\/fashion.dukkanjo.com\/es\/product\/sport-hoodie-jogger-suit-gray\/","og_locale":"es_ES","og_type":"article","og_title":"Sport Hoodie Jogger Suit Gray | Dukkan Ecommerce","og_description":"Shop Sport Hoodie Jogger Suit Gray at best price in Jordan with Dukkan Ecommerce","og_url":"https:\/\/fashion.dukkanjo.com\/es\/product\/sport-hoodie-jogger-suit-gray\/","og_site_name":"Dukkan Ecommerce","article_modified_time":"2025-10-05T12:41:01+00:00","og_image":[{"width":600,"height":900,"url":"https:\/\/fashion.dukkanjo.com\/wp-content\/uploads\/2025\/10\/takimlarsport-kapusonlu-jogger-takim-g-b71018.jpg","type":"image\/jpeg"}],"twitter_card":"summary_large_image","schema":{"@context":"https:\/\/schema.org","@graph":[{"@type":"WebPage","@id":"https:\/\/fashion.dukkanjo.com\/product\/sport-hoodie-jogger-suit-gray\/","url":"https:\/\/fashion.dukkanjo.com\/product\/sport-hoodie-jogger-suit-gray\/","name":"Sport Hoodie Jogger Suit Gray | Dukkan Ecommerce","isPartOf":{"@id":"https:\/\/fashion.dukkanjo.com\/#website"},"primaryImageOfPage":{"@id":"https:\/\/fashion.dukkanjo.com\/product\/sport-hoodie-jogger-suit-gray\/#primaryimage"},"image":{"@id":"https:\/\/fashion.dukkanjo.com\/product\/sport-hoodie-jogger-suit-gray\/#primaryimage"},"thumbnailUrl":"https:\/\/fashion.dukkanjo.com\/wp-content\/uploads\/2025\/10\/takimlarsport-kapusonlu-jogger-takim-g-b71018.jpg","datePublished":"2025-10-05T12:40:28+00:00","dateModified":"2025-10-05T12:41:01+00:00","description":"Shop Sport Hoodie Jogger Suit Gray at best price in Jordan with Dukkan Ecommerce","breadcrumb":{"@id":"https:\/\/fashion.dukkanjo.com\/product\/sport-hoodie-jogger-suit-gray\/#breadcrumb"},"inLanguage":"es","potentialAction":[{"@type":"ReadAction","target":["https:\/\/fashion.dukkanjo.com\/product\/sport-hoodie-jogger-suit-gray\/"]}]},{"@type":"ImageObject","inLanguage":"es","@id":"https:\/\/fashion.dukkanjo.com\/product\/sport-hoodie-jogger-suit-gray\/#primaryimage","url":"https:\/\/fashion.dukkanjo.com\/wp-content\/uploads\/2025\/10\/takimlarsport-kapusonlu-jogger-takim-g-b71018.jpg","contentUrl":"https:\/\/fashion.dukkanjo.com\/wp-content\/uploads\/2025\/10\/takimlarsport-kapusonlu-jogger-takim-g-b71018.jpg","width":600,"height":900},{"@type":"BreadcrumbList","@id":"https:\/\/fashion.dukkanjo.com\/product\/sport-hoodie-jogger-suit-gray\/#breadcrumb","itemListElement":[{"@type":"ListItem","position":1,"name":"Home","item":"https:\/\/fashion.dukkanjo.com\/"},{"@type":"ListItem","position":2,"name":"Shop","item":"https:\/\/fashion.dukkanjo.com\/shop\/"},{"@type":"ListItem","position":3,"name":"Sport Hoodie Jogger Suit Gray"}]},{"@type":"WebSite","@id":"https:\/\/fashion.dukkanjo.com\/#website","url":"https:\/\/fashion.dukkanjo.com\/","name":"Dukkan Ecommerce Jordan","description":"Build Your Ecommerce","publisher":{"@id":"https:\/\/fashion.dukkanjo.com\/#organization"},"potentialAction":[{"@type":"SearchAction","target":{"@type":"EntryPoint","urlTemplate":"https:\/\/fashion.dukkanjo.com\/?s={search_term_string}"},"query-input":{"@type":"PropertyValueSpecification","valueRequired":true,"valueName":"search_term_string"}}],"inLanguage":"es"},{"@type":"Organization","@id":"https:\/\/fashion.dukkanjo.com\/#organization","name":"Dukkan Ecommerce Jordan","url":"https:\/\/fashion.dukkanjo.com\/","logo":{"@type":"ImageObject","inLanguage":"es","@id":"https:\/\/fashion.dukkanjo.com\/#\/schema\/logo\/image\/","url":"https:\/\/1.avvioco.com\/wp-content\/uploads\/2025\/08\/Dukkan-Logo.webp","contentUrl":"https:\/\/1.avvioco.com\/wp-content\/uploads\/2025\/08\/Dukkan-Logo.webp","width":1000,"height":500,"caption":"Dukkan Ecommerce Jordan"},"image":{"@id":"https:\/\/fashion.dukkanjo.com\/#\/schema\/logo\/image\/"}}]}},"_links":{"self":[{"href":"https:\/\/fashion.dukkanjo.com\/es\/wp-json\/wp\/v2\/product\/40494","targetHints":{"allow":["GET"]}}],"collection":[{"href":"https:\/\/fashion.dukkanjo.com\/es\/wp-json\/wp\/v2\/product"}],"about":[{"href":"https:\/\/fashion.dukkanjo.com\/es\/wp-json\/wp\/v2\/types\/product"}],"replies":[{"embeddable":true,"href":"https:\/\/fashion.dukkanjo.com\/es\/wp-json\/wp\/v2\/comments?post=40494"}],"version-history":[{"count":0,"href":"https:\/\/fashion.dukkanjo.com\/es\/wp-json\/wp\/v2\/product\/40494\/revisions"}],"wp:featuredmedia":[{"embeddable":true,"href":"https:\/\/fashion.dukkanjo.com\/es\/wp-json\/wp\/v2\/media\/40519"}],"wp:attachment":[{"href":"https:\/\/fashion.dukkanjo.com\/es\/wp-json\/wp\/v2\/media?parent=40494"}],"wp:term":[{"taxonomy":"product_brand","embeddable":true,"href":"https:\/\/fashion.dukkanjo.com\/es\/wp-json\/wp\/v2\/product_brand?post=40494"},{"taxonomy":"product_cat","embeddable":true,"href":"https:\/\/fashion.dukkanjo.com\/es\/wp-json\/wp\/v2\/product_cat?post=40494"},{"taxonomy":"product_tag","embeddable":true,"href":"https:\/\/fashion.dukkanjo.com\/es\/wp-json\/wp\/v2\/product_tag?post=40494"}],"curies":[{"name":"wp","href":"https:\/\/api.w.org\/{rel}","templated":true}]}}