{"id":40534,"date":"2025-10-05T15:40:45","date_gmt":"2025-10-05T12:40:45","guid":{"rendered":"https:\/\/4.avvioco.com\/?post_type=product&#038;p=40534"},"modified":"2026-01-05T10:33:37","modified_gmt":"2026-01-05T07:33:37","slug":"asymmetric-collar-basic-blouse-white","status":"publish","type":"product","link":"https:\/\/fashion.dukkanjo.com\/es\/product\/asymmetric-collar-basic-blouse-white\/","title":{"rendered":"Blusa b\u00e1sica con cuello asim\u00e9trico blanca"},"content":{"rendered":"<p><strong><font style=\"vertical-align: inherit\"><font style=\"vertical-align: inherit\">Editor&#8217;s Note<\/font><\/font><\/strong><br \/><font style=\"vertical-align: inherit\"><font style=\"vertical-align: inherit\">Los modelos de blusa Mylove, que son nuestros favoritos por su caracter\u00edstica complementaria combinada, se encuentran entre las piezas destacadas de la nueva temporada. <\/font><font style=\"vertical-align: inherit\">Puedes experimentar la elegancia de una blusa en el cat\u00e1logo, que tambi\u00e9n incluye el modelo de blusa b\u00e1sica con cuello asim\u00e9trico.<\/font><\/font><br \/><strong><font style=\"vertical-align: inherit\"><font style=\"vertical-align: inherit\">Tama\u00f1os del producto<\/font><\/font><\/strong><br \/>Ni\u00f1o: 50 cm<br \/>G\u00f6\u011f\u00fcs: 66 cm<br \/>Bel: 34 cm<br \/><font style=\"vertical-align: inherit\"><font style=\"vertical-align: inherit\">(Las medidas se basan en la talla -S-).<\/font><\/font><br \/><font style=\"vertical-align: inherit\"><font style=\"vertical-align: inherit\">(Talla en el maniqu\u00ed: S)<\/font><\/font><br \/><strong><font style=\"vertical-align: inherit\"><font style=\"vertical-align: inherit\">Informaci\u00f3n de la tela<\/font><\/font><\/strong><br \/>poli\u00e9ster Pamuk<\/p>\n<table>\n<tbody>\n<tr>\n<th>Patr\u00f3n<\/th>\n<td>Relaxed<\/td>\n<\/tr>\n<tr>\n<th>Ambiente<\/th>\n<td>Comodidad casual<\/td>\n<\/tr>\n<tr>\n<th>Velocidad<\/th>\n<td>Sin forro<\/td>\n<\/tr>\n<tr>\n<th>Dibujo<\/th>\n<td>Derecha<\/td>\n<\/tr>\n<tr>\n<th>Material<\/th>\n<td>Mezcla de poli\u00e9ster<\/td>\n<\/tr>\n<tr>\n<th>NULL<\/th>\n<td>sin cierre<\/td>\n<\/tr>\n<\/tbody>\n<\/table>","protected":false},"excerpt":{"rendered":"<p>Editor&#8217;s NoteMylove blouse models, which are our favorite with their combined complementary feature, are among the remarkable pieces of the<\/p>","protected":false},"featured_media":40561,"comment_status":"open","ping_status":"closed","template":"","meta":[],"product_brand":[],"product_cat":[1801,1793],"product_tag":[],"class_list":{"0":"post-40534","1":"product","2":"type-product","3":"status-publish","4":"has-post-thumbnail","6":"product_cat-blouse","7":"product_cat-top-clothing","9":"first","10":"instock","11":"sale","12":"taxable","13":"shipping-taxable","14":"purchasable","15":"product-type-variable"},"yoast_head":"<!-- This site is optimized with the Yoast SEO plugin v25.9 - https:\/\/yoast.com\/wordpress\/plugins\/seo\/ -->\n<title>Asymmetric Collar Basic Blouse White | Dukkan Ecommerce<\/title>\n<meta name=\"description\" content=\"Shop Asymmetric Collar Basic Blouse White at best price in Jordan with Dukkan Ecommerce\" \/>\n<meta name=\"robots\" content=\"index, follow, max-snippet:-1, max-image-preview:large, max-video-preview:-1\" \/>\n<link rel=\"canonical\" href=\"https:\/\/fashion.dukkanjo.com\/es\/product\/asymmetric-collar-basic-blouse-white\/\" \/>\n<meta property=\"og:locale\" content=\"es_ES\" \/>\n<meta property=\"og:type\" content=\"article\" \/>\n<meta property=\"og:title\" content=\"Asymmetric Collar Basic Blouse White | Dukkan Ecommerce\" \/>\n<meta property=\"og:description\" content=\"Shop Asymmetric Collar Basic Blouse White at best price in Jordan with Dukkan Ecommerce\" \/>\n<meta property=\"og:url\" content=\"https:\/\/fashion.dukkanjo.com\/es\/product\/asymmetric-collar-basic-blouse-white\/\" \/>\n<meta property=\"og:site_name\" content=\"Dukkan Ecommerce\" \/>\n<meta property=\"article:modified_time\" content=\"2026-01-05T07:33:37+00:00\" \/>\n<meta property=\"og:image\" content=\"https:\/\/fashion.dukkanjo.com\/wp-content\/uploads\/2025\/10\/bluzasimetrik-yaka-basic-bluz-beyaz-44eb-9.jpg\" \/>\n\t<meta property=\"og:image:width\" content=\"600\" \/>\n\t<meta property=\"og:image:height\" content=\"900\" \/>\n\t<meta property=\"og:image:type\" content=\"image\/jpeg\" \/>\n<meta name=\"twitter:card\" content=\"summary_large_image\" \/>\n<script type=\"application\/ld+json\" class=\"yoast-schema-graph\">{\"@context\":\"https:\/\/schema.org\",\"@graph\":[{\"@type\":\"WebPage\",\"@id\":\"https:\/\/fashion.dukkanjo.com\/product\/asymmetric-collar-basic-blouse-white\/\",\"url\":\"https:\/\/fashion.dukkanjo.com\/product\/asymmetric-collar-basic-blouse-white\/\",\"name\":\"Asymmetric Collar Basic Blouse White | Dukkan Ecommerce\",\"isPartOf\":{\"@id\":\"https:\/\/fashion.dukkanjo.com\/#website\"},\"primaryImageOfPage\":{\"@id\":\"https:\/\/fashion.dukkanjo.com\/product\/asymmetric-collar-basic-blouse-white\/#primaryimage\"},\"image\":{\"@id\":\"https:\/\/fashion.dukkanjo.com\/product\/asymmetric-collar-basic-blouse-white\/#primaryimage\"},\"thumbnailUrl\":\"https:\/\/fashion.dukkanjo.com\/wp-content\/uploads\/2025\/10\/bluzasimetrik-yaka-basic-bluz-beyaz-44eb-9.jpg\",\"datePublished\":\"2025-10-05T12:40:45+00:00\",\"dateModified\":\"2026-01-05T07:33:37+00:00\",\"description\":\"Shop Asymmetric Collar Basic Blouse White at best price in Jordan with Dukkan Ecommerce\",\"breadcrumb\":{\"@id\":\"https:\/\/fashion.dukkanjo.com\/product\/asymmetric-collar-basic-blouse-white\/#breadcrumb\"},\"inLanguage\":\"es\",\"potentialAction\":[{\"@type\":\"ReadAction\",\"target\":[\"https:\/\/fashion.dukkanjo.com\/product\/asymmetric-collar-basic-blouse-white\/\"]}]},{\"@type\":\"ImageObject\",\"inLanguage\":\"es\",\"@id\":\"https:\/\/fashion.dukkanjo.com\/product\/asymmetric-collar-basic-blouse-white\/#primaryimage\",\"url\":\"https:\/\/fashion.dukkanjo.com\/wp-content\/uploads\/2025\/10\/bluzasimetrik-yaka-basic-bluz-beyaz-44eb-9.jpg\",\"contentUrl\":\"https:\/\/fashion.dukkanjo.com\/wp-content\/uploads\/2025\/10\/bluzasimetrik-yaka-basic-bluz-beyaz-44eb-9.jpg\",\"width\":600,\"height\":900},{\"@type\":\"BreadcrumbList\",\"@id\":\"https:\/\/fashion.dukkanjo.com\/product\/asymmetric-collar-basic-blouse-white\/#breadcrumb\",\"itemListElement\":[{\"@type\":\"ListItem\",\"position\":1,\"name\":\"Home\",\"item\":\"https:\/\/fashion.dukkanjo.com\/\"},{\"@type\":\"ListItem\",\"position\":2,\"name\":\"Shop\",\"item\":\"https:\/\/fashion.dukkanjo.com\/shop\/\"},{\"@type\":\"ListItem\",\"position\":3,\"name\":\"Asymmetric Collar Basic Blouse White\"}]},{\"@type\":\"WebSite\",\"@id\":\"https:\/\/fashion.dukkanjo.com\/#website\",\"url\":\"https:\/\/fashion.dukkanjo.com\/\",\"name\":\"Dukkan Ecommerce Jordan\",\"description\":\"Build Your Ecommerce\",\"publisher\":{\"@id\":\"https:\/\/fashion.dukkanjo.com\/#organization\"},\"potentialAction\":[{\"@type\":\"SearchAction\",\"target\":{\"@type\":\"EntryPoint\",\"urlTemplate\":\"https:\/\/fashion.dukkanjo.com\/?s={search_term_string}\"},\"query-input\":{\"@type\":\"PropertyValueSpecification\",\"valueRequired\":true,\"valueName\":\"search_term_string\"}}],\"inLanguage\":\"es\"},{\"@type\":\"Organization\",\"@id\":\"https:\/\/fashion.dukkanjo.com\/#organization\",\"name\":\"Dukkan Ecommerce Jordan\",\"url\":\"https:\/\/fashion.dukkanjo.com\/\",\"logo\":{\"@type\":\"ImageObject\",\"inLanguage\":\"es\",\"@id\":\"https:\/\/fashion.dukkanjo.com\/#\/schema\/logo\/image\/\",\"url\":\"https:\/\/1.avvioco.com\/wp-content\/uploads\/2025\/08\/Dukkan-Logo.webp\",\"contentUrl\":\"https:\/\/1.avvioco.com\/wp-content\/uploads\/2025\/08\/Dukkan-Logo.webp\",\"width\":1000,\"height\":500,\"caption\":\"Dukkan Ecommerce Jordan\"},\"image\":{\"@id\":\"https:\/\/fashion.dukkanjo.com\/#\/schema\/logo\/image\/\"}}]}<\/script>\n<!-- \/ Yoast SEO plugin. -->","yoast_head_json":{"title":"Asymmetric Collar Basic Blouse White | Dukkan Ecommerce","description":"Shop Asymmetric Collar Basic Blouse White at best price in Jordan with Dukkan Ecommerce","robots":{"index":"index","follow":"follow","max-snippet":"max-snippet:-1","max-image-preview":"max-image-preview:large","max-video-preview":"max-video-preview:-1"},"canonical":"https:\/\/fashion.dukkanjo.com\/es\/product\/asymmetric-collar-basic-blouse-white\/","og_locale":"es_ES","og_type":"article","og_title":"Asymmetric Collar Basic Blouse White | Dukkan Ecommerce","og_description":"Shop Asymmetric Collar Basic Blouse White at best price in Jordan with Dukkan Ecommerce","og_url":"https:\/\/fashion.dukkanjo.com\/es\/product\/asymmetric-collar-basic-blouse-white\/","og_site_name":"Dukkan Ecommerce","article_modified_time":"2026-01-05T07:33:37+00:00","og_image":[{"width":600,"height":900,"url":"https:\/\/fashion.dukkanjo.com\/wp-content\/uploads\/2025\/10\/bluzasimetrik-yaka-basic-bluz-beyaz-44eb-9.jpg","type":"image\/jpeg"}],"twitter_card":"summary_large_image","schema":{"@context":"https:\/\/schema.org","@graph":[{"@type":"WebPage","@id":"https:\/\/fashion.dukkanjo.com\/product\/asymmetric-collar-basic-blouse-white\/","url":"https:\/\/fashion.dukkanjo.com\/product\/asymmetric-collar-basic-blouse-white\/","name":"Asymmetric Collar Basic Blouse White | Dukkan Ecommerce","isPartOf":{"@id":"https:\/\/fashion.dukkanjo.com\/#website"},"primaryImageOfPage":{"@id":"https:\/\/fashion.dukkanjo.com\/product\/asymmetric-collar-basic-blouse-white\/#primaryimage"},"image":{"@id":"https:\/\/fashion.dukkanjo.com\/product\/asymmetric-collar-basic-blouse-white\/#primaryimage"},"thumbnailUrl":"https:\/\/fashion.dukkanjo.com\/wp-content\/uploads\/2025\/10\/bluzasimetrik-yaka-basic-bluz-beyaz-44eb-9.jpg","datePublished":"2025-10-05T12:40:45+00:00","dateModified":"2026-01-05T07:33:37+00:00","description":"Shop Asymmetric Collar Basic Blouse White at best price in Jordan with Dukkan Ecommerce","breadcrumb":{"@id":"https:\/\/fashion.dukkanjo.com\/product\/asymmetric-collar-basic-blouse-white\/#breadcrumb"},"inLanguage":"es","potentialAction":[{"@type":"ReadAction","target":["https:\/\/fashion.dukkanjo.com\/product\/asymmetric-collar-basic-blouse-white\/"]}]},{"@type":"ImageObject","inLanguage":"es","@id":"https:\/\/fashion.dukkanjo.com\/product\/asymmetric-collar-basic-blouse-white\/#primaryimage","url":"https:\/\/fashion.dukkanjo.com\/wp-content\/uploads\/2025\/10\/bluzasimetrik-yaka-basic-bluz-beyaz-44eb-9.jpg","contentUrl":"https:\/\/fashion.dukkanjo.com\/wp-content\/uploads\/2025\/10\/bluzasimetrik-yaka-basic-bluz-beyaz-44eb-9.jpg","width":600,"height":900},{"@type":"BreadcrumbList","@id":"https:\/\/fashion.dukkanjo.com\/product\/asymmetric-collar-basic-blouse-white\/#breadcrumb","itemListElement":[{"@type":"ListItem","position":1,"name":"Home","item":"https:\/\/fashion.dukkanjo.com\/"},{"@type":"ListItem","position":2,"name":"Shop","item":"https:\/\/fashion.dukkanjo.com\/shop\/"},{"@type":"ListItem","position":3,"name":"Asymmetric Collar Basic Blouse White"}]},{"@type":"WebSite","@id":"https:\/\/fashion.dukkanjo.com\/#website","url":"https:\/\/fashion.dukkanjo.com\/","name":"Dukkan Ecommerce Jordan","description":"Build Your Ecommerce","publisher":{"@id":"https:\/\/fashion.dukkanjo.com\/#organization"},"potentialAction":[{"@type":"SearchAction","target":{"@type":"EntryPoint","urlTemplate":"https:\/\/fashion.dukkanjo.com\/?s={search_term_string}"},"query-input":{"@type":"PropertyValueSpecification","valueRequired":true,"valueName":"search_term_string"}}],"inLanguage":"es"},{"@type":"Organization","@id":"https:\/\/fashion.dukkanjo.com\/#organization","name":"Dukkan Ecommerce Jordan","url":"https:\/\/fashion.dukkanjo.com\/","logo":{"@type":"ImageObject","inLanguage":"es","@id":"https:\/\/fashion.dukkanjo.com\/#\/schema\/logo\/image\/","url":"https:\/\/1.avvioco.com\/wp-content\/uploads\/2025\/08\/Dukkan-Logo.webp","contentUrl":"https:\/\/1.avvioco.com\/wp-content\/uploads\/2025\/08\/Dukkan-Logo.webp","width":1000,"height":500,"caption":"Dukkan Ecommerce Jordan"},"image":{"@id":"https:\/\/fashion.dukkanjo.com\/#\/schema\/logo\/image\/"}}]}},"_links":{"self":[{"href":"https:\/\/fashion.dukkanjo.com\/es\/wp-json\/wp\/v2\/product\/40534","targetHints":{"allow":["GET"]}}],"collection":[{"href":"https:\/\/fashion.dukkanjo.com\/es\/wp-json\/wp\/v2\/product"}],"about":[{"href":"https:\/\/fashion.dukkanjo.com\/es\/wp-json\/wp\/v2\/types\/product"}],"replies":[{"embeddable":true,"href":"https:\/\/fashion.dukkanjo.com\/es\/wp-json\/wp\/v2\/comments?post=40534"}],"version-history":[{"count":0,"href":"https:\/\/fashion.dukkanjo.com\/es\/wp-json\/wp\/v2\/product\/40534\/revisions"}],"wp:featuredmedia":[{"embeddable":true,"href":"https:\/\/fashion.dukkanjo.com\/es\/wp-json\/wp\/v2\/media\/40561"}],"wp:attachment":[{"href":"https:\/\/fashion.dukkanjo.com\/es\/wp-json\/wp\/v2\/media?parent=40534"}],"wp:term":[{"taxonomy":"product_brand","embeddable":true,"href":"https:\/\/fashion.dukkanjo.com\/es\/wp-json\/wp\/v2\/product_brand?post=40534"},{"taxonomy":"product_cat","embeddable":true,"href":"https:\/\/fashion.dukkanjo.com\/es\/wp-json\/wp\/v2\/product_cat?post=40534"},{"taxonomy":"product_tag","embeddable":true,"href":"https:\/\/fashion.dukkanjo.com\/es\/wp-json\/wp\/v2\/product_tag?post=40534"}],"curies":[{"name":"wp","href":"https:\/\/api.w.org\/{rel}","templated":true}]}}